{"id":704,"date":"2015-10-17T13:52:57","date_gmt":"2015-10-17T13:52:57","guid":{"rendered":"http:\/\/cla.scrabblefisf.com\/?page_id=704"},"modified":"2016-11-20T13:43:55","modified_gmt":"2016-11-20T13:43:55","slug":"trophee-midi-py-20152016","status":"publish","type":"page","link":"https:\/\/classique.scrabblepaysdoc.fr\/?page_id=704","title":{"rendered":"Troph\u00e9e Midi-Py 2015\/2016"},"content":{"rendered":"<p><strong>Troph\u00e9e Scrabble classique 2015\/2016, \u00e0 partir des \u00e9preuves jou\u00e9es sur le comit\u00e9 Midi-Pyr\u00e9n\u00e9es depuis le 1er septembre 2015.<\/strong><\/p>\n<p>Les joueurs sont compar\u00e9s par rapport \u00e0 leurs r\u00e9sultats (classement) sur l\u2019ensemble des \u00e9preuves dans le comit\u00e9.<\/p>\n<p>Suite au dernier tournoi de l&rsquo;ann\u00e9e, Serge DELHOM finit la saison\u00a0en t\u00eate du classement devant \u00a0Pierre NABAT et Camille MALUMBA.<\/p>\n<p>L\u2019ensemble des r\u00e9sultats sont disponibles dans le fichier ci-joint:<\/p>\n<p><strong><a href=\"http:\/\/cla.scrabblefisf.com\/wp-content\/uploads\/2015\/10\/Troph\u00e9e-Classique-2015-2016_2015_08_31.xls\">Troph\u00e9e Classique 2015-2016<\/a>\u00a0<\/strong>\u2013\u00a0<strong>mise \u00e0 jour au 30\/08\/2016<\/strong><\/p>\n<p><strong>Mode de classement :<\/strong><\/p>\n<ul>\n<li>prenons exemple de trois amies, Pierrette, Paulette et Jacqueline participant \u00e0 un tournoi<\/li>\n<li>au tournoi des fleurs, Pierrette bat\u00a0 Paulette et Jacqueline ce qui lui permet de marquer un point par rapport \u00e0 Paulette et un point par rapport \u00e0 Jacqueline<\/li>\n<li>sur ce m\u00eame tournoi Paulette perd contre Pierrette et bat Jacqueline et enfin Jacqueline perd face \u00e0 ses deux amies<\/li>\n<li>apr\u00e8s le tournoi des fleurs, Pierrette est en t\u00eate et totalise donc 10\u00a0points (5 points par victoire), ayant remport\u00e9 ses deux matchs, Paulette est \u00e0 6 points\u00a0(1 point pour sa d\u00e9faite face \u00e0 Pierrette et 5 points pour sa victoire\u00a0face \u00e0 Jacqueline) et Jacqueline est \u00e0 2 points, ayant perdu ses deux matchs<\/li>\n<li>sur le tournoi suivant Jacqueline peut remettre les compteurs \u00e0 z\u00e9ro en gagnant ses deux amies ou accro\u00eetre son retard en perdant \u00e0 nouveau<\/li>\n<li>le classement est constitu\u00e9 au fur et \u00e0 mesure de la tenue des tournois, les joueurs ne sont compar\u00e9s avec +1 ou -1 que lorsqu\u2019ils participent aux m\u00eames tournois, toujours en fonction des r\u00e9sultats des matchs qu&rsquo;ils jouent<\/li>\n<li>est class\u00e9 premier du troph\u00e9e, le joueur ayant remport\u00e9 le plus de matchs sur l\u2019ensemble des tournois, ainsi de suite pour le deuxi\u00e8me et jusqu\u2019\u00e0 la fin du classement<\/li>\n<\/ul>\n<p>Pour \u00eatre pr\u00e9sent dans le classement, le joueur devra avoir particip\u00e9 \u00e0 au moins 5 tournois classique.<\/p>\n<p>Le classement par s\u00e9rie est effectu\u00e9e sur la s\u00e9rie la plus courante du joueur durant la saison.<\/p>\n<p>&nbsp;<\/p>\n","protected":false},"excerpt":{"rendered":"<p>Troph\u00e9e Scrabble classique 2015\/2016, \u00e0 partir des \u00e9preuves jou\u00e9es sur le comit\u00e9 Midi-Pyr\u00e9n\u00e9es depuis le 1er septembre 2015. Les joueurs sont compar\u00e9s par rapport \u00e0 leurs r\u00e9sultats (classement) sur l\u2019ensemble des \u00e9preuves dans le comit\u00e9. Suite au dernier tournoi de &hellip; <a href=\"https:\/\/classique.scrabblepaysdoc.fr\/?page_id=704\">Continuer la lecture <span class=\"meta-nav\">&rarr;<\/span><\/a><\/p>\n","protected":false},"author":4,"featured_media":0,"parent":172,"menu_order":3,"comment_status":"open","ping_status":"open","template":"","meta":[],"_links":{"self":[{"href":"https:\/\/classique.scrabblepaysdoc.fr\/index.php?rest_route=\/wp\/v2\/pages\/704"}],"collection":[{"href":"https:\/\/classique.scrabblepaysdoc.fr\/index.php?rest_route=\/wp\/v2\/pages"}],"about":[{"href":"https:\/\/classique.scrabblepaysdoc.fr\/index.php?rest_route=\/wp\/v2\/types\/page"}],"author":[{"embeddable":true,"href":"https:\/\/classique.scrabblepaysdoc.fr\/index.php?rest_route=\/wp\/v2\/users\/4"}],"replies":[{"embeddable":true,"href":"https:\/\/classique.scrabblepaysdoc.fr\/index.php?rest_route=%2Fwp%2Fv2%2Fcomments&post=704"}],"version-history":[{"count":26,"href":"https:\/\/classique.scrabblepaysdoc.fr\/index.php?rest_route=\/wp\/v2\/pages\/704\/revisions"}],"predecessor-version":[{"id":1099,"href":"https:\/\/classique.scrabblepaysdoc.fr\/index.php?rest_route=\/wp\/v2\/pages\/704\/revisions\/1099"}],"up":[{"embeddable":true,"href":"https:\/\/classique.scrabblepaysdoc.fr\/index.php?rest_route=\/wp\/v2\/pages\/172"}],"wp:attachment":[{"href":"https:\/\/classique.scrabblepaysdoc.fr\/index.php?rest_route=%2Fwp%2Fv2%2Fmedia&parent=704"}],"curies":[{"name":"wp","href":"https:\/\/api.w.org\/{rel}","templated":true}]}}