{"id":688,"date":"2015-09-26T12:19:22","date_gmt":"2015-09-26T12:19:22","guid":{"rendered":"http:\/\/cla.scrabblefisf.com\/?page_id=688"},"modified":"2016-03-25T19:49:43","modified_gmt":"2016-03-25T19:49:43","slug":"liste-des-inscrits","status":"publish","type":"page","link":"https:\/\/classique.scrabblepaysdoc.fr\/?page_id=688","title":{"rendered":"Inscriptions"},"content":{"rendered":"<p><span style=\"text-decoration: underline;\"><strong>Inscriptions :<\/strong><\/span><br \/>\n<span style=\"font-family: arial,helvetica,sans-serif; font-size: 10pt;\">Aupr\u00e8s de Brigitte Delhom (ch\u00e8ques \u00e0 l&rsquo;ordre du comit\u00e9 Midi-Pyr\u00e9n\u00e9es)<\/span><br \/>\n<span style=\"font-family: arial,helvetica,sans-serif; font-size: 10pt;\">17 rue du Vercors \u2013 31170 Tournefeuille<\/span><br \/>\n<span style=\"font-family: arial,helvetica,sans-serif; font-size: 10pt;\">\u00a0brigittedelhom31@gmail.com &#8211; 06 19 80 59 18<\/span><\/p>\n<p><strong><span style=\"text-decoration: underline;\">Droits d&rsquo;inscription :<\/span><\/strong><br \/>\n<span style=\"font-family: arial,helvetica,sans-serif; font-size: 10pt;\">Championnat de France : 25 \u20ac (espoirs : 12,5 \u20ac, -18 ans : gratuit)<\/span><br \/>\n<span style=\"font-family: arial,helvetica,sans-serif; font-size: 10pt;\">Tournois en 5\/6 rondes : 10 \u20ac (espoirs : 5 \u20ac, -18 ans : gratuit)<\/span><\/p>\n<p>Pour les rencontres du 23 et 24 mars, \u00e0 Blagnac et Saint-Sulpice, merci de vous inscrire directement aupr\u00e8s des deux clubs&#8230;<\/p>\n<p><strong><a href=\"http:\/\/cla.scrabblefisf.com\/wp-content\/uploads\/2015\/09\/JOUEURS-INSCRITS-17.pdf\" rel=\"\">JOUEURS INSCRITS<\/a> au 25 mars\u00a02016<\/strong><\/p>\n<p>Le flyer du festival :\u00a0Championnat de France<\/p>\n","protected":false},"excerpt":{"rendered":"<p>Inscriptions : Aupr\u00e8s de Brigitte Delhom (ch\u00e8ques \u00e0 l&rsquo;ordre du comit\u00e9 Midi-Pyr\u00e9n\u00e9es) 17 rue du Vercors \u2013 31170 Tournefeuille \u00a0brigittedelhom31@gmail.com &#8211; 06 19 80 59 18 Droits d&rsquo;inscription : Championnat de France : 25 \u20ac (espoirs : 12,5 \u20ac, -18 &hellip; <a href=\"https:\/\/classique.scrabblepaysdoc.fr\/?page_id=688\">Continuer la lecture <span class=\"meta-nav\">&rarr;<\/span><\/a><\/p>\n","protected":false},"author":4,"featured_media":0,"parent":681,"menu_order":2,"comment_status":"open","ping_status":"open","template":"","meta":[],"_links":{"self":[{"href":"https:\/\/classique.scrabblepaysdoc.fr\/index.php?rest_route=\/wp\/v2\/pages\/688"}],"collection":[{"href":"https:\/\/classique.scrabblepaysdoc.fr\/index.php?rest_route=\/wp\/v2\/pages"}],"about":[{"href":"https:\/\/classique.scrabblepaysdoc.fr\/index.php?rest_route=\/wp\/v2\/types\/page"}],"author":[{"embeddable":true,"href":"https:\/\/classique.scrabblepaysdoc.fr\/index.php?rest_route=\/wp\/v2\/users\/4"}],"replies":[{"embeddable":true,"href":"https:\/\/classique.scrabblepaysdoc.fr\/index.php?rest_route=%2Fwp%2Fv2%2Fcomments&post=688"}],"version-history":[{"count":36,"href":"https:\/\/classique.scrabblepaysdoc.fr\/index.php?rest_route=\/wp\/v2\/pages\/688\/revisions"}],"predecessor-version":[{"id":963,"href":"https:\/\/classique.scrabblepaysdoc.fr\/index.php?rest_route=\/wp\/v2\/pages\/688\/revisions\/963"}],"up":[{"embeddable":true,"href":"https:\/\/classique.scrabblepaysdoc.fr\/index.php?rest_route=\/wp\/v2\/pages\/681"}],"wp:attachment":[{"href":"https:\/\/classique.scrabblepaysdoc.fr\/index.php?rest_route=%2Fwp%2Fv2%2Fmedia&parent=688"}],"curies":[{"name":"wp","href":"https:\/\/api.w.org\/{rel}","templated":true}]}}