{"id":684,"date":"2015-09-26T12:18:17","date_gmt":"2015-09-26T12:18:17","guid":{"rendered":"http:\/\/cla.scrabblefisf.com\/?page_id=684"},"modified":"2015-11-25T14:33:34","modified_gmt":"2015-11-25T14:33:34","slug":"hebergement","status":"publish","type":"page","link":"https:\/\/classique.scrabblepaysdoc.fr\/?page_id=684","title":{"rendered":"H\u00e9bergement"},"content":{"rendered":"<p>Vous trouverez sur cette page des adresses pour votre h\u00e9bergement pendant le championnat de France.<\/p>\n<p>Si vous \u00eates en voiture, \u00e0 10 minutes du m\u00e9tro, nous avons n\u00e9goci\u00e9 pour vous :<\/p>\n<ul>\n<li><strong><span style=\"text-decoration: underline;\">H\u00f4tel restaurant Les Pins galants<b>***<\/b><\/span><\/strong><\/li>\n<\/ul>\n<p>Adresse\u00a0: 137 Route de Tarbes, 31170 Tournefeuille<br \/>\nT\u00e9l\u00e9phone\u00a0:05 67 73 07 30<\/p>\n<p><strong><a href=\"http:\/\/www.lespinsgalants.fr\/\" target=\"_blank\">lien Les Pins Galants<\/a><\/strong><\/p>\n<p>Studios et appartements \u00e9quip\u00e9s de kitchenette<\/p>\n<p>Buffet petit-d\u00e9jeuner offert pour tout h\u00e9bergement<\/p>\n<p>35\u20ac\/personne pour les chambres doubles<br \/>\n60\u20ac pour les chambres simples<\/p>\n","protected":false},"excerpt":{"rendered":"<p>Vous trouverez sur cette page des adresses pour votre h\u00e9bergement pendant le championnat de France. Si vous \u00eates en voiture, \u00e0 10 minutes du m\u00e9tro, nous avons n\u00e9goci\u00e9 pour vous : H\u00f4tel restaurant Les Pins galants*** Adresse\u00a0: 137 Route de &hellip; <a href=\"https:\/\/classique.scrabblepaysdoc.fr\/?page_id=684\">Continuer la lecture <span class=\"meta-nav\">&rarr;<\/span><\/a><\/p>\n","protected":false},"author":4,"featured_media":0,"parent":681,"menu_order":3,"comment_status":"open","ping_status":"open","template":"","meta":[],"_links":{"self":[{"href":"https:\/\/classique.scrabblepaysdoc.fr\/index.php?rest_route=\/wp\/v2\/pages\/684"}],"collection":[{"href":"https:\/\/classique.scrabblepaysdoc.fr\/index.php?rest_route=\/wp\/v2\/pages"}],"about":[{"href":"https:\/\/classique.scrabblepaysdoc.fr\/index.php?rest_route=\/wp\/v2\/types\/page"}],"author":[{"embeddable":true,"href":"https:\/\/classique.scrabblepaysdoc.fr\/index.php?rest_route=\/wp\/v2\/users\/4"}],"replies":[{"embeddable":true,"href":"https:\/\/classique.scrabblepaysdoc.fr\/index.php?rest_route=%2Fwp%2Fv2%2Fcomments&post=684"}],"version-history":[{"count":9,"href":"https:\/\/classique.scrabblepaysdoc.fr\/index.php?rest_route=\/wp\/v2\/pages\/684\/revisions"}],"predecessor-version":[{"id":784,"href":"https:\/\/classique.scrabblepaysdoc.fr\/index.php?rest_route=\/wp\/v2\/pages\/684\/revisions\/784"}],"up":[{"embeddable":true,"href":"https:\/\/classique.scrabblepaysdoc.fr\/index.php?rest_route=\/wp\/v2\/pages\/681"}],"wp:attachment":[{"href":"https:\/\/classique.scrabblepaysdoc.fr\/index.php?rest_route=%2Fwp%2Fv2%2Fmedia&parent=684"}],"curies":[{"name":"wp","href":"https:\/\/api.w.org\/{rel}","templated":true}]}}