{"id":681,"date":"2015-09-26T12:04:45","date_gmt":"2015-09-26T12:04:45","guid":{"rendered":"http:\/\/cla.scrabblefisf.com\/?page_id=681"},"modified":"2016-03-13T09:19:02","modified_gmt":"2016-03-13T09:19:02","slug":"championnat-de-france-classique-2016","status":"publish","type":"page","link":"https:\/\/classique.scrabblepaysdoc.fr\/?page_id=681","title":{"rendered":"CDF 2016"},"content":{"rendered":"<p style=\"text-align: justify;\"><span style=\"color: #000000;\">Bienvenue sur le blog classique\u00a0du comit\u00e9 Midi-Pyr\u00e9n\u00e9es\u00a0qui organisera le <strong>36e Championnat de France de Scrabble classique<\/strong> \u00e0 Toulouse les 26 et 27\u00a0mars 2016. Celui-ci sera au coeur d&rsquo;un festival de scrabble classique du mercredi 23 au lundi 28 mars 2016.<br \/>\n<\/span><\/p>\n<p style=\"text-align: justify;\"><span style=\"color: #000000;\">La comp\u00e9tition se d\u00e9roulera en plein centre-ville de Toulouse dans la <span style=\"color: #0000ff;\"><a style=\"color: #0000ff;\" href=\"https:\/\/www.google.fr\/maps\/search\/salle+duranti+toulouse\/@43.6034125,1.4465207,17z\/data=!3m1!4b1\" target=\"_blank\">Salle Duranti<\/a><\/span>. La salle se trouve \u00e0 5min \u00e0 pied de la station Capitole sur la ligne A du m\u00e9tro ou de la station Jean Jaur\u00e8s sur la ligne A et B du m\u00e9tro.<\/span><\/p>\n<p style=\"text-align: justify;\"><span style=\"color: #000000;\">Vous trouverez sur ce site toutes les informations concernant\u00a0le week-end (programme, h\u00e9bergement, restauration) :<br \/>\n<\/span><\/p>\n<ul>\n<li><span style=\"color: #000000;\"><a style=\"color: #000000;\" href=\"http:\/\/cla.scrabblefisf.com\/?page_id=686\">Programme<\/a><\/span><\/li>\n<li><span style=\"color: #000000;\"><a style=\"color: #000000;\" href=\"http:\/\/cla.scrabblefisf.com\/?page_id=688\">Inscriptions<\/a><\/span><\/li>\n<li><span style=\"color: #000000;\"><a style=\"color: #000000;\" href=\"http:\/\/cla.scrabblefisf.com\/?page_id=684\">H\u00e9bergement<\/a><\/span><\/li>\n<li><span style=\"color: #000000;\"><a style=\"color: #000000;\" href=\"http:\/\/cla.scrabblefisf.com\/?page_id=695\">Restauration<\/a><\/span><\/li>\n<\/ul>\n<p><span style=\"color: #000000;\">Et retrouvez <a style=\"color: #000000;\" href=\"http:\/\/cla.scrabblefisf.com\/wp-content\/uploads\/2015\/09\/affiche_cdf2016_v2.pdf\" target=\"_blank\">ici<\/a> le flyer du championnat !<\/span><\/p>\n","protected":false},"excerpt":{"rendered":"<p>Bienvenue sur le blog classique\u00a0du comit\u00e9 Midi-Pyr\u00e9n\u00e9es\u00a0qui organisera le 36e Championnat de France de Scrabble classique \u00e0 Toulouse les 26 et 27\u00a0mars 2016. Celui-ci sera au coeur d&rsquo;un festival de scrabble classique du mercredi 23 au lundi 28 mars 2016. &hellip; <a href=\"https:\/\/classique.scrabblepaysdoc.fr\/?page_id=681\">Continuer la lecture <span class=\"meta-nav\">&rarr;<\/span><\/a><\/p>\n","protected":false},"author":4,"featured_media":0,"parent":0,"menu_order":7,"comment_status":"open","ping_status":"open","template":"","meta":[],"_links":{"self":[{"href":"https:\/\/classique.scrabblepaysdoc.fr\/index.php?rest_route=\/wp\/v2\/pages\/681"}],"collection":[{"href":"https:\/\/classique.scrabblepaysdoc.fr\/index.php?rest_route=\/wp\/v2\/pages"}],"about":[{"href":"https:\/\/classique.scrabblepaysdoc.fr\/index.php?rest_route=\/wp\/v2\/types\/page"}],"author":[{"embeddable":true,"href":"https:\/\/classique.scrabblepaysdoc.fr\/index.php?rest_route=\/wp\/v2\/users\/4"}],"replies":[{"embeddable":true,"href":"https:\/\/classique.scrabblepaysdoc.fr\/index.php?rest_route=%2Fwp%2Fv2%2Fcomments&post=681"}],"version-history":[{"count":12,"href":"https:\/\/classique.scrabblepaysdoc.fr\/index.php?rest_route=\/wp\/v2\/pages\/681\/revisions"}],"predecessor-version":[{"id":914,"href":"https:\/\/classique.scrabblepaysdoc.fr\/index.php?rest_route=\/wp\/v2\/pages\/681\/revisions\/914"}],"wp:attachment":[{"href":"https:\/\/classique.scrabblepaysdoc.fr\/index.php?rest_route=%2Fwp%2Fv2%2Fmedia&parent=681"}],"curies":[{"name":"wp","href":"https:\/\/api.w.org\/{rel}","templated":true}]}}