{"id":49,"date":"2011-02-02T18:09:07","date_gmt":"2011-02-02T18:09:07","guid":{"rendered":"http:\/\/cla.scrabblefisf.com\/?page_id=49"},"modified":"2014-12-20T14:13:23","modified_gmt":"2014-12-20T14:13:23","slug":"regles-de-base","status":"publish","type":"page","link":"https:\/\/classique.scrabblepaysdoc.fr\/?page_id=49","title":{"rendered":"R\u00e8gles de bases et r\u00e9glement"},"content":{"rendered":"<h2 style=\"text-align: justify;\">La Partie Classique<\/h2>\n<p style=\"text-align: justify;\"><span class=\"dropcap\">L<\/span>a partie classique est la forme de jeu la plus pratiqu\u00e9e en France puisque nous sommes environ 30 millions de joueurs.<br \/>\nSans le savoir, chez vous, avec des amis, sur la plage, pendant les vacances vous pratiquez le Scrabble en partie classique, c&rsquo;est \u00e0 dire en jouant, le plus souvent \u00e0 deux, avec la chance ou la malchance du jour. Cette forme de jeu, diff\u00e9rente de la forme dite du \u00ab\u00a0Duplicate\u00a0\u00bb a ses adeptes et les meilleurs d&rsquo;entre eux se retrouvent tous les ans \u00e0 l&rsquo;occasion de la Coupe de France de Scrabble Classique.<\/p>\n<h2 style=\"text-align: justify;\">Trucs &amp; Astuces<\/h2>\n<h3 style=\"text-align: justify;\">Le premier coup<\/h3>\n<p style=\"text-align: justify;\">Un des points principaux de la strat\u00e9gie du Scrabble Classique consiste \u00e0 prendre rapidement de l&rsquo;avance sur votre adversaire et de faire en sorte de le maintenir \u00e0 distance tout au long de la partie. C&rsquo;est pour cela que le premier coup rev\u00eat une importance capitale. En r\u00e8gle g\u00e9n\u00e9rale, il est fortement conseill\u00e9 de rejeter vos lettres parasites si vous ne scrabblez pas o\u00f9 si vous ne faites pas au moins une trentaine de points.En passant votre tour, vous laisserez votre adversaire poser un mot ce qui vous offrira d&rsquo;autres lettres d&rsquo;appui et multipliera vos chances de poser un scrabble au tour suivant.<br \/>\nSi malgr\u00e9 tout vous tenez absolument \u00e0 poser un mot, optez pour des solutions du type \u00ab\u00a0BOF\u00a0\u00bb : mot invariable (pas de possibilit\u00e9 de rallonge par un S), lettres d&rsquo;appuis limit\u00e9es dans le nombre (ici 3) et lettres non courantes (B et F ne sont pas des lettres d&rsquo;appui faciles).<\/p>\n<h3 style=\"text-align: justify;\">L&rsquo;importance du rejet<\/h3>\n<p style=\"text-align: justify;\">Trop de joueurs d\u00e9butants imaginent qu&rsquo;il est pr\u00e9judiciable de rejeter des lettres en se focalisant sur la perte de leur tour de jeu. Au contraire ! Vous faites tourner les lettres de votre jeu. Inutile de s&rsquo;acharner avec des tirages du style \u00ab\u00a0HGBDDLM\u00a0\u00bb ou \u00ab\u00a0AAAOOUU\u00a0\u00bb pour envoyer 10 points \u00e0 chacun des 5 coups suivants. Il n&rsquo;est pas rare de voir des joueurs rejeter 2 \u00e0 3 fois par partie. Cela devient m\u00eame primordial lorsqu&rsquo;il s&rsquo;agit de recoller au score. Si votre adversaire joue bien tactiquement il fera tout pour vous boucher les places de scrabble car il sait que seul un scrabble pourra vous permettre de le remonter. Faites donc en sorte de toujours avoir la possibilit\u00e9 de scrabbler en rejetant si besoin est.<\/p>\n<h3 style=\"text-align: justify;\">Le tirage id\u00e9al : AEINRST<\/h3>\n<p style=\"text-align: justify;\">Ce tirage, bien connu des scrabbleurs avertis, comporte 19 anagrammes (dont SENTIRA, TRAINES, TARSIEN, TSARINE&#8230;). Il est donc d\u00e9j\u00e0 grandement g\u00e9n\u00e9rateur de scrabbles sans compter ses multiples lettres d&rsquo;appui. Que ce soit suite \u00e0 un rejet ou apr\u00e8s avoir plac\u00e9 un mot sur la grille, essayez toujours de vous approcher de ce tirage en gardant les lettres qui le composent si vous ne scrabblez pas. Vous constaterez que vous multiplierez le nombre d&rsquo;opportunit\u00e9 de scrabbler au cours de la partie.<\/p>\n<h3 style=\"text-align: justify;\">Valorisez vos lettres ch\u00e8res<\/h3>\n<p style=\"text-align: justify;\">Les lettres ch\u00e8res constituent un rouage essentiel de la victoire en classique comme en duplicate. Il faut toujours chercher \u00e0 les valoriser en les posant sur des cases \u00ab\u00a0lettre compte double\u00a0\u00bb ou \u00ab\u00a0lettre compte triple\u00a0\u00bb. Le Q et le W sont les plus difficiles \u00e0 placer, n&rsquo;h\u00e9sitez pas \u00e0 les rejeter si vous ne les utilisez pas rapidement. Pour les autres (J,X,Y,Z) ce sera \u00e0 vous de voir selon la configuration de la grille. Veillez bien \u00e0 ne pas les conserver trop longtemps car en fin de partie elles peuvent vous faire un malus terrible si votre adversaire fini avant vous.<\/p>\n<h3 style=\"text-align: justify;\">De l&rsquo;importance des jokers<\/h3>\n<p style=\"text-align: justify;\">Le joker, de part sa facult\u00e9 \u00e0 remplacer n&rsquo;importe quelle lettre, reste le jeton le plus puissant du jeu. Il est en g\u00e9n\u00e9ral conseill\u00e9 de n&rsquo;utiliser que pour scrabbler ou faire au moins 50 points. Si vous ne scrabblez pas imm\u00e9diatement, faites tourner votre jeu en attendant de pouvoir l&rsquo;utiliser. Bien \u00e9videmment ne le rejetez en aucun cas&#8230;<\/p>\n<p style=\"text-align: justify;\">La Coupe de France de Scrabble Classique<\/p>\n<p style=\"text-align: justify;\">Cette jeune \u00e9preuve (3 \u00e9ditions \u00e0 ce jour) est ouverte \u00e0 toutes et tous, dans la mesure o\u00f9 vous \u00eates licenci\u00e9s \u00e0 la F\u00e9d\u00e9ration Fran\u00e7aise de Scrabble (FFSc), ce qui pourra \u00eatre fait sur place.<br \/>\nEn mai 2005, le club de Tournefeuille (banlieue de Toulouse) et le comit\u00e9 Midi-Pyr\u00e9n\u00e9es ont eu en charge l&rsquo;organisation de cette manifestation.<br \/>\nElle fut le centre de la manifestation \u00ab\u00a0Tournefeuille en f\u00eate\u00a0\u00bb qui a r\u00e9uni de nombreux autres jeux durant tout le week-end.<\/p>\n<h2 style=\"text-align: justify;\">Les Masters<\/h2>\n<p style=\"text-align: justify;\">La f\u00e9d\u00e9ration a voulu pour le scrabble classique une comp\u00e9tition ind\u00e9pendante de la finale r\u00e9gionale de partie classique. Les masters r\u00e9gionaux ont \u00e9t\u00e9 cr\u00e9\u00e9s dans ce sens.<br \/>\nLe principe de cette \u00e9preuve est de r\u00e9unir en fin de saison les 8 joueurs r\u00e9gionaux les mieux plac\u00e9s au classement national. Ils se rencontrent ensuite en match racing, les vainqueurs se rencontrant entre eux, les perdants continuant dans les matchs de classement.<br \/>\nLa premi\u00e8re \u00e9dition des masters fut organis\u00e9 \u00e0 Marssac sur Tarn, le 19 juin 2005, remport\u00e9e par Beno\u00eft BERTRAND, devan\u00e7ant Florent MAGOT et Jean BONAL.<\/p>\n<h2 style=\"text-align: justify;\">Le Classement International de Scrabble Classique<\/h2>\n<p style=\"text-align: justify;\">Le classement de scrabble classique est totalement ind\u00e9pendant de celui du scrabble duplicate.<br \/>\nIl se d\u00e9compose en 4 s\u00e9ries :<\/p>\n<ul style=\"text-align: justify;\">\n<li>S\u00e9rie Joker<\/li>\n<li>S\u00e9rie A<\/li>\n<li>S\u00e9rie B<\/li>\n<li>\u00a0S\u00e9rie C<br \/>\nL&rsquo;acc\u00e8s aux s\u00e9ries se fait en fonction de la c\u00f4te de chacun des joueurs. La c\u00f4te progresse \u00e0 chaque tournoi entra\u00eenant avec elle le classement national et les changements de s\u00e9rie. Ce mode de classement est tr\u00e8s r\u00e9actif.<\/li>\n<\/ul>\n<h2>\u00a0R\u00e9glement <a href=\"http:\/\/www.ffsc.fr\/classique.php?rub=reglement\" target=\"_blank\">(ICI)<\/a><\/h2>\n","protected":false},"excerpt":{"rendered":"<p>La Partie Classique La partie classique est la forme de jeu la plus pratiqu\u00e9e en France puisque nous sommes environ 30 millions de joueurs. Sans le savoir, chez vous, avec des amis, sur la plage, pendant les vacances vous pratiquez &hellip; <a href=\"https:\/\/classique.scrabblepaysdoc.fr\/?page_id=49\">Continuer la lecture <span class=\"meta-nav\">&rarr;<\/span><\/a><\/p>\n","protected":false},"author":3,"featured_media":0,"parent":184,"menu_order":0,"comment_status":"closed","ping_status":"closed","template":"","meta":[],"_links":{"self":[{"href":"https:\/\/classique.scrabblepaysdoc.fr\/index.php?rest_route=\/wp\/v2\/pages\/49"}],"collection":[{"href":"https:\/\/classique.scrabblepaysdoc.fr\/index.php?rest_route=\/wp\/v2\/pages"}],"about":[{"href":"https:\/\/classique.scrabblepaysdoc.fr\/index.php?rest_route=\/wp\/v2\/types\/page"}],"author":[{"embeddable":true,"href":"https:\/\/classique.scrabblepaysdoc.fr\/index.php?rest_route=\/wp\/v2\/users\/3"}],"replies":[{"embeddable":true,"href":"https:\/\/classique.scrabblepaysdoc.fr\/index.php?rest_route=%2Fwp%2Fv2%2Fcomments&post=49"}],"version-history":[{"count":11,"href":"https:\/\/classique.scrabblepaysdoc.fr\/index.php?rest_route=\/wp\/v2\/pages\/49\/revisions"}],"predecessor-version":[{"id":356,"href":"https:\/\/classique.scrabblepaysdoc.fr\/index.php?rest_route=\/wp\/v2\/pages\/49\/revisions\/356"}],"up":[{"embeddable":true,"href":"https:\/\/classique.scrabblepaysdoc.fr\/index.php?rest_route=\/wp\/v2\/pages\/184"}],"wp:attachment":[{"href":"https:\/\/classique.scrabblepaysdoc.fr\/index.php?rest_route=%2Fwp%2Fv2%2Fmedia&parent=49"}],"curies":[{"name":"wp","href":"https:\/\/api.w.org\/{rel}","templated":true}]}}