{"id":309,"date":"2014-12-02T21:39:22","date_gmt":"2014-12-02T21:39:22","guid":{"rendered":"http:\/\/cla.scrabblefisf.com\/?page_id=309"},"modified":"2015-10-17T13:53:26","modified_gmt":"2015-10-17T13:53:26","slug":"trophee-20142015","status":"publish","type":"page","link":"https:\/\/classique.scrabblepaysdoc.fr\/?page_id=309","title":{"rendered":"Troph\u00e9e Midi-Py 2014\/2015"},"content":{"rendered":"<p><span style=\"font-size: 12pt;\"><strong>Troph\u00e9e Scrabble classique 2014\/2015, \u00e0 partir des \u00e9preuves jou\u00e9es sur le comit\u00e9 Midi-Pyr\u00e9n\u00e9es depuis le 1er septembre 2014.<\/strong><\/span><\/p>\n<p><span style=\"font-size: 12pt;\">Les joueurs sont compar\u00e9s par rapport \u00e0 leurs r\u00e9sultats (classement) sur l&rsquo;ensemble des \u00e9preuves.<\/span><\/p>\n<p><span style=\"font-size: 14pt;\"><strong>Mode de classement :<\/strong><\/span><\/p>\n<ul>\n<li><span style=\"font-size: 12pt;\">prenons exemple de trois amies, Pierrette, Paulette et Jacqueline participant \u00e0 un tournoi<\/span><\/li>\n<li><span style=\"font-size: 12pt;\">au tournoi des fleurs, Pierrette finit devant Paulette et Jacqueline ce qui lui permet de marquer un point par rapport \u00e0 Paulette et un point par rapport \u00e0 Jacqueline<\/span><\/li>\n<li><span style=\"font-size: 12pt;\">sur ce m\u00eame tournoi Paulette perd un point par rapport \u00e0 Pierrette et gagne un point par rapport \u00e0 Jacqueline et enfin Jacqueline perd un point face \u00e0 ses deux amies<\/span><\/li>\n<li><span style=\"font-size: 12pt;\">apr\u00e8s le tournoi des fleurs, Pierrette est en t\u00eate et totalise donc 2 points, ayant remport\u00e9 ses deux duels, Paulette est \u00e0 z\u00e9ro (1 point de perdu face \u00e0 Pierrette et un de gagn\u00e9 face \u00e0 Jacqueline) et Jacqueline est \u00e0 -2, ayant perdu ses deux duels<\/span><\/li>\n<li><span style=\"font-size: 12pt;\">sur le tournoi suivant Jacqueline peut remettre les compteurs \u00e0 z\u00e9ro en gagnant ses deux amies ou accro\u00eetre son retard en perdant \u00e0 nouveau<\/span><\/li>\n<li><span style=\"font-size: 12pt;\">le classement est constitu\u00e9 au fur et \u00e0 mesure de la tenue des tournois, les joueurs ne sont compar\u00e9s avec +1 ou -1 que lorsqu&rsquo;ils participent aux m\u00eames tournois, toujours en fonction du classement final du tournoi<\/span><\/li>\n<li><span style=\"font-size: 12pt;\">est class\u00e9 premier du troph\u00e9e, le joueur ayant remport\u00e9 le plus de duels sur l&rsquo;ensemble des tournois, ainsi de suite pour le deuxi\u00e8me et jusqu&rsquo;\u00e0 la fin du classement<\/span><\/li>\n<\/ul>\n<p>Pour \u00eatre pr\u00e9sent dans le classement, le joueur doit au\u00a0moins avoir particip\u00e9 \u00e0 5 tournois classique.<\/p>\n<p>Le classement par s\u00e9rie est effectu\u00e9e sur la s\u00e9rie la plus courante du joueur durant la saison.<\/p>\n<p>A l&rsquo;issue de cette 1\u00e8re saison, Serge DELHOM remporte le troph\u00e9e, devan\u00e7ant Guillaume CLAVIERE au match particulier. Brigitte DELHOM compl\u00e8te le podium.<\/p>\n<p>Dans les s\u00e9ries:<\/p>\n<ul>\n<li>S\u00e9rie A : Evelyne LUCHETTA<\/li>\n<li>S\u00e9rie B : Val\u00e9rie CERAVOLO<\/li>\n<li>S\u00e9rie C : Mireille BURGER<\/li>\n<\/ul>\n<p>L&rsquo;ensemble des r\u00e9sultats sont disponibles dans les fichiers ci-joints<\/p>\n<p><strong><a href=\"http:\/\/cla.scrabblefisf.com\/wp-content\/uploads\/2014\/12\/Troph\u00e9e-Classique-2014-2015_2015_08_311.pdf\">Troph\u00e9e Classique 2014-2015<\/a>\u00a0<\/strong>&#8211; \u00a0<strong>mise \u00e0 jour au 31\/08\/2015<\/strong>\u00a0apr\u00e8s le tournoi, visualisation du classement avec un PDF, pensez \u00e0 agrandir le document<\/p>\n<p><strong><a href=\"http:\/\/cla.scrabblefisf.com\/wp-content\/uploads\/2014\/12\/Troph\u00e9e-Classique-2014-2015_2015_08_31.xlsb\">Troph\u00e9e Classique 2014-2015<\/a>\u00a0<\/strong>&#8211;\u00a0<strong>mise \u00e0 jour au 31\/08\/2015<\/strong>\u00a0avec les fonctionnalit\u00e9s du logiciel excel, avec notamment les fiches individuelles des joueurs&#8230;<\/p>\n","protected":false},"excerpt":{"rendered":"<p>Troph\u00e9e Scrabble classique 2014\/2015, \u00e0 partir des \u00e9preuves jou\u00e9es sur le comit\u00e9 Midi-Pyr\u00e9n\u00e9es depuis le 1er septembre 2014. Les joueurs sont compar\u00e9s par rapport \u00e0 leurs r\u00e9sultats (classement) sur l&rsquo;ensemble des \u00e9preuves. Mode de classement : prenons exemple de trois &hellip; <a href=\"https:\/\/classique.scrabblepaysdoc.fr\/?page_id=309\">Continuer la lecture <span class=\"meta-nav\">&rarr;<\/span><\/a><\/p>\n","protected":false},"author":2,"featured_media":0,"parent":172,"menu_order":1,"comment_status":"open","ping_status":"closed","template":"","meta":[],"_links":{"self":[{"href":"https:\/\/classique.scrabblepaysdoc.fr\/index.php?rest_route=\/wp\/v2\/pages\/309"}],"collection":[{"href":"https:\/\/classique.scrabblepaysdoc.fr\/index.php?rest_route=\/wp\/v2\/pages"}],"about":[{"href":"https:\/\/classique.scrabblepaysdoc.fr\/index.php?rest_route=\/wp\/v2\/types\/page"}],"author":[{"embeddable":true,"href":"https:\/\/classique.scrabblepaysdoc.fr\/index.php?rest_route=\/wp\/v2\/users\/2"}],"replies":[{"embeddable":true,"href":"https:\/\/classique.scrabblepaysdoc.fr\/index.php?rest_route=%2Fwp%2Fv2%2Fcomments&post=309"}],"version-history":[{"count":42,"href":"https:\/\/classique.scrabblepaysdoc.fr\/index.php?rest_route=\/wp\/v2\/pages\/309\/revisions"}],"predecessor-version":[{"id":672,"href":"https:\/\/classique.scrabblepaysdoc.fr\/index.php?rest_route=\/wp\/v2\/pages\/309\/revisions\/672"}],"up":[{"embeddable":true,"href":"https:\/\/classique.scrabblepaysdoc.fr\/index.php?rest_route=\/wp\/v2\/pages\/172"}],"wp:attachment":[{"href":"https:\/\/classique.scrabblepaysdoc.fr\/index.php?rest_route=%2Fwp%2Fv2%2Fmedia&parent=309"}],"curies":[{"name":"wp","href":"https:\/\/api.w.org\/{rel}","templated":true}]}}