{"id":172,"date":"2014-11-04T17:04:13","date_gmt":"2014-11-04T17:04:13","guid":{"rendered":"http:\/\/cla.scrabblefisf.com\/?page_id=172"},"modified":"2014-12-23T20:22:51","modified_gmt":"2014-12-23T20:22:51","slug":"classement","status":"publish","type":"page","link":"https:\/\/classique.scrabblepaysdoc.fr\/?page_id=172","title":{"rendered":"Classements"},"content":{"rendered":"<p>Deux types de classement existent pour le scrabble classique :<\/p>\n<ul>\n<li><strong><a href=\"http:\/\/cla.scrabblefisf.com\/?page_id=309\">Troph\u00e9e Midi-Py<\/a><\/strong> : bas\u00e9 sur la comparaison des r\u00e9sultats de chaque joueur par rapport aux autres, sur les \u00e9preuves r\u00e9gionales disput\u00e9es entre le 1er septembre 2014 au 31 ao\u00fbt 2015,<\/li>\n<li><strong><a href=\"http:\/\/cla.scrabblefisf.com\/?page_id=417\">Classement International (par cote)<\/a><\/strong> : en fonction de la cote de chaque joueur, recalcul\u00e9e apr\u00e8s chaque tournoi. Le classement pour le comit\u00e9 Midi-Pyr\u00e9n\u00e9es et la version compl\u00e8te sont pr\u00e9sent\u00e9es ici.<\/li>\n<\/ul>\n","protected":false},"excerpt":{"rendered":"<p>Deux types de classement existent pour le scrabble classique : Troph\u00e9e Midi-Py : bas\u00e9 sur la comparaison des r\u00e9sultats de chaque joueur par rapport aux autres, sur les \u00e9preuves r\u00e9gionales disput\u00e9es entre le 1er septembre 2014 au 31 ao\u00fbt 2015, &hellip; <a href=\"https:\/\/classique.scrabblepaysdoc.fr\/?page_id=172\">Continuer la lecture <span class=\"meta-nav\">&rarr;<\/span><\/a><\/p>\n","protected":false},"author":3,"featured_media":0,"parent":0,"menu_order":5,"comment_status":"open","ping_status":"open","template":"","meta":[],"_links":{"self":[{"href":"https:\/\/classique.scrabblepaysdoc.fr\/index.php?rest_route=\/wp\/v2\/pages\/172"}],"collection":[{"href":"https:\/\/classique.scrabblepaysdoc.fr\/index.php?rest_route=\/wp\/v2\/pages"}],"about":[{"href":"https:\/\/classique.scrabblepaysdoc.fr\/index.php?rest_route=\/wp\/v2\/types\/page"}],"author":[{"embeddable":true,"href":"https:\/\/classique.scrabblepaysdoc.fr\/index.php?rest_route=\/wp\/v2\/users\/3"}],"replies":[{"embeddable":true,"href":"https:\/\/classique.scrabblepaysdoc.fr\/index.php?rest_route=%2Fwp%2Fv2%2Fcomments&post=172"}],"version-history":[{"count":30,"href":"https:\/\/classique.scrabblepaysdoc.fr\/index.php?rest_route=\/wp\/v2\/pages\/172\/revisions"}],"predecessor-version":[{"id":479,"href":"https:\/\/classique.scrabblepaysdoc.fr\/index.php?rest_route=\/wp\/v2\/pages\/172\/revisions\/479"}],"wp:attachment":[{"href":"https:\/\/classique.scrabblepaysdoc.fr\/index.php?rest_route=%2Fwp%2Fv2%2Fmedia&parent=172"}],"curies":[{"name":"wp","href":"https:\/\/api.w.org\/{rel}","templated":true}]}}