{"id":170,"date":"2014-11-04T17:03:02","date_gmt":"2014-11-04T17:03:02","guid":{"rendered":"http:\/\/cla.scrabblefisf.com\/?page_id=170"},"modified":"2018-11-20T18:19:29","modified_gmt":"2018-11-20T18:19:29","slug":"resultats","status":"publish","type":"page","link":"https:\/\/classique.scrabblepaysdoc.fr\/?page_id=170","title":{"rendered":"R\u00e9sultats"},"content":{"rendered":"<p><strong>Derniers tournois au Pays d&rsquo;Oc<\/strong><\/p>\n<h3><a href=\"https:\/\/www.ffsc.fr\/tournois.php?id=17464\" target=\"_blank\" rel=\"noopener\">Lardenne (09\/11\/2018)<\/a><\/h3>\n<ul>\n<li>\n<div>1\u00e8re : Evelyne Luchetta<\/div>\n<\/li>\n<li>\n<div>2\u00e8me : Camille Malumba<\/div>\n<\/li>\n<li>\n<div>3\u00e8me : Monique Dulondel<\/div>\n<\/li>\n<\/ul>\n<h3><span style=\"font-size: 12pt;\"><a href=\"http:\/\/www.ffsc.fr\/tournois.php?id=16153\" target=\"_blank\" rel=\"noopener\">Blagnac (26\/09\/2018)<\/a><\/span><span style=\"font-size: 12pt;\">\u00a0<\/span><\/h3>\n<ul>\n<li><span style=\"font-size: 12pt;\">1er : Pierre Nabat<\/span><\/li>\n<li><span style=\"font-size: 12pt;\">2\u00e8me : Nathalie Pendari\u00e8s<\/span><\/li>\n<li><span style=\"font-size: 12pt;\">3\u00e8me : Camille Malumba<br \/>\n<\/span><\/li>\n<\/ul>\n","protected":false},"excerpt":{"rendered":"<p>Derniers tournois au Pays d&rsquo;Oc Lardenne (09\/11\/2018) 1\u00e8re : Evelyne Luchetta 2\u00e8me : Camille Malumba 3\u00e8me : Monique Dulondel Blagnac (26\/09\/2018)\u00a0 1er : Pierre Nabat 2\u00e8me : Nathalie Pendari\u00e8s 3\u00e8me : Camille Malumba<\/p>\n","protected":false},"author":3,"featured_media":0,"parent":0,"menu_order":4,"comment_status":"open","ping_status":"open","template":"","meta":[],"_links":{"self":[{"href":"https:\/\/classique.scrabblepaysdoc.fr\/index.php?rest_route=\/wp\/v2\/pages\/170"}],"collection":[{"href":"https:\/\/classique.scrabblepaysdoc.fr\/index.php?rest_route=\/wp\/v2\/pages"}],"about":[{"href":"https:\/\/classique.scrabblepaysdoc.fr\/index.php?rest_route=\/wp\/v2\/types\/page"}],"author":[{"embeddable":true,"href":"https:\/\/classique.scrabblepaysdoc.fr\/index.php?rest_route=\/wp\/v2\/users\/3"}],"replies":[{"embeddable":true,"href":"https:\/\/classique.scrabblepaysdoc.fr\/index.php?rest_route=%2Fwp%2Fv2%2Fcomments&post=170"}],"version-history":[{"count":10,"href":"https:\/\/classique.scrabblepaysdoc.fr\/index.php?rest_route=\/wp\/v2\/pages\/170\/revisions"}],"predecessor-version":[{"id":1301,"href":"https:\/\/classique.scrabblepaysdoc.fr\/index.php?rest_route=\/wp\/v2\/pages\/170\/revisions\/1301"}],"wp:attachment":[{"href":"https:\/\/classique.scrabblepaysdoc.fr\/index.php?rest_route=%2Fwp%2Fv2%2Fmedia&parent=170"}],"curies":[{"name":"wp","href":"https:\/\/api.w.org\/{rel}","templated":true}]}}