{"id":168,"date":"2014-11-04T16:42:59","date_gmt":"2014-11-04T16:42:59","guid":{"rendered":"http:\/\/cla.scrabblefisf.com\/?page_id=168"},"modified":"2017-10-08T15:19:50","modified_gmt":"2017-10-08T15:19:50","slug":"accueil","status":"publish","type":"page","link":"https:\/\/classique.scrabblepaysdoc.fr\/","title":{"rendered":"Accueil"},"content":{"rendered":"<p><strong>Bienvenue sur le blog du Scrabble classique en Pays d&rsquo;Oc!<\/strong><\/p>\n<p>Vous \u00eates fan de ce jeu, laissez-vous tenter, venez nous rejoindre sur une de nos prochaines rencontres ! (voir la rubrique Calendrier)<\/p>\n<p><a href=\"http:\/\/cla.scrabblefisf.com\/wp-content\/uploads\/2014\/11\/Tournefeuille221114b.png\"><img decoding=\"async\" loading=\"lazy\" class=\"aligncenter wp-image-360\" src=\"http:\/\/cla.scrabblefisf.com\/wp-content\/uploads\/2014\/11\/Tournefeuille221114b-300x168.png\" alt=\"Tournefeuille221114b\" width=\"466\" height=\"261\" srcset=\"https:\/\/classique.scrabblepaysdoc.fr\/wp-content\/uploads\/2014\/11\/Tournefeuille221114b-300x168.png 300w, https:\/\/classique.scrabblepaysdoc.fr\/wp-content\/uploads\/2014\/11\/Tournefeuille221114b.png 357w\" sizes=\"(max-width: 466px) 100vw, 466px\" \/><\/a><\/p>\n<p>Des millions de fran\u00e7ais pratiquent le Scrabble, en famille, entre amis&#8230; Partant de cela, si vous souhaitez rassembler des joueurs dans votre commune, votre quartier, votre comit\u00e9 d&rsquo;entreprise, dans une association&#8230; ce pourrait \u00eatre une chose assez facile tant il y a de pratiquants \u00e0 votre proximit\u00e9. En fait presque tout le monde connait le Scrabble et ses r\u00e8gles !<\/p>\n<p>Ce qui peut vous manquer, c&rsquo;est le mat\u00e9riel et le savoir-faire pour organiser votre premi\u00e8re r\u00e9union de Scrabble. Nous pouvons vous apporter aide et conseils, et dans la mesure de nos possibilit\u00e9s, une \u00e9quipe de b\u00e9n\u00e9voles du comit\u00e9 r\u00e9gional se ferait un plaisir pour venir vous accompagner pour organiser votre premi\u00e8re r\u00e9union de joueurs&#8230;<\/p>\n<p>Quelques joueurs suffisent pour cr\u00e9er un club, et l\u00e0 encore nous pouvons vous guider dans vos premi\u00e8res d\u00e9marches&#8230;<\/p>\n<p>Prenez contact avec le comit\u00e9 Pays d&rsquo;Oc de Scrabble :<\/p>\n<p>Pierre NABAT ou Serge DELHOM<\/p>\n","protected":false},"excerpt":{"rendered":"<p>Bienvenue sur le blog du Scrabble classique en Pays d&rsquo;Oc! Vous \u00eates fan de ce jeu, laissez-vous tenter, venez nous rejoindre sur une de nos prochaines rencontres ! (voir la rubrique Calendrier) Des millions de fran\u00e7ais pratiquent le Scrabble, en &hellip; <a href=\"https:\/\/classique.scrabblepaysdoc.fr\/\">Continuer la lecture <span class=\"meta-nav\">&rarr;<\/span><\/a><\/p>\n","protected":false},"author":3,"featured_media":0,"parent":0,"menu_order":1,"comment_status":"closed","ping_status":"closed","template":"","meta":[],"_links":{"self":[{"href":"https:\/\/classique.scrabblepaysdoc.fr\/index.php?rest_route=\/wp\/v2\/pages\/168"}],"collection":[{"href":"https:\/\/classique.scrabblepaysdoc.fr\/index.php?rest_route=\/wp\/v2\/pages"}],"about":[{"href":"https:\/\/classique.scrabblepaysdoc.fr\/index.php?rest_route=\/wp\/v2\/types\/page"}],"author":[{"embeddable":true,"href":"https:\/\/classique.scrabblepaysdoc.fr\/index.php?rest_route=\/wp\/v2\/users\/3"}],"replies":[{"embeddable":true,"href":"https:\/\/classique.scrabblepaysdoc.fr\/index.php?rest_route=%2Fwp%2Fv2%2Fcomments&post=168"}],"version-history":[{"count":17,"href":"https:\/\/classique.scrabblepaysdoc.fr\/index.php?rest_route=\/wp\/v2\/pages\/168\/revisions"}],"predecessor-version":[{"id":1212,"href":"https:\/\/classique.scrabblepaysdoc.fr\/index.php?rest_route=\/wp\/v2\/pages\/168\/revisions\/1212"}],"wp:attachment":[{"href":"https:\/\/classique.scrabblepaysdoc.fr\/index.php?rest_route=%2Fwp%2Fv2%2Fmedia&parent=168"}],"curies":[{"name":"wp","href":"https:\/\/api.w.org\/{rel}","templated":true}]}}