{"id":153,"date":"2014-11-04T15:59:13","date_gmt":"2014-11-04T15:59:13","guid":{"rendered":"http:\/\/cla.scrabblefisf.com\/?page_id=153"},"modified":"2018-01-07T18:06:02","modified_gmt":"2018-01-07T18:06:02","slug":"activites-en-midi-pyrenees","status":"publish","type":"page","link":"https:\/\/classique.scrabblepaysdoc.fr\/?page_id=153","title":{"rendered":"Activit\u00e9s au Pays d&rsquo;Oc"},"content":{"rendered":"<div class=\"description\">\n<p style=\"text-align: justify;\">Des tournois de scrabble classique sont organis\u00e9s r\u00e9guli\u00e8rement en Occitanie.\u00a0Ils r\u00e9unissent de nombreux joueurs qui, dans une ambiance chaleureuse et conviviale, s&rsquo;adonnent \u00e0 leur passion.<\/p>\n<p style=\"text-align: justify;\">Outre les tournois, des opens d\u00e9partementaux et r\u00e9gionaux accueillent chaque ann\u00e9e des adeptes du scrabble, de nouveaux joueurs et des curieux qui ont envie de se lancer dans l&rsquo;aventure scrabblesque.<\/p>\n<p style=\"text-align: justify;\">Le D\u00e9l\u00e9gu\u00e9 R\u00e9gional r\u00e9pond \u00e0 vos questions, vous renseigne et vous guide dans votre d\u00e9marche pour rejoindre les nombreux clubs r\u00e9partis dans les 10 d\u00e9partements rattach\u00e9s au Comit\u00e9 Pays d&rsquo;Oc.<\/p>\n<p style=\"text-align: justify;\">N&rsquo;h\u00e9sitez pas \u00e0 contacter Pierre NABAT : pierre.nabat<wbr \/>@gmail.com<\/p>\n<\/div>\n<div class=\"items items-col-0 grid-block\">\n<div class=\"grid-box width100 leading\">\n<article class=\"item\" data-permalink=\"http:\/\/scrabble-midipy.org\/index.php\/classique\/le-scrabble-classique\/activite-en-midi-pyrenees\/269-scrabble-classique-formation-des-joueurs.html\">\n<header>\n<h2 class=\"title\"><a title=\"Scrabble Classique - formation des joueurs\" href=\"http:\/\/scrabble-midipy.org\/index.php\/classique\/le-scrabble-classique\/activite-en-midi-pyrenees\/269-scrabble-classique-formation-des-joueurs.html\" target=\"_blank\" rel=\"noopener\">Scrabble Classique &#8211; formation des joueurs<\/a><\/h2>\n<\/header>\n<div class=\"content clearfix\">\n<p class=\"attachmentsContainer\" style=\"text-align: justify;\">Nous pouvons vous proposer des stages de perfectionnement.<\/p>\n<p class=\"attachmentsContainer\" style=\"text-align: justify;\">Si cela vous tente n&rsquo;h\u00e9sitez pas \u00e0 contacter Serge et Pierre afin que nous puissions organiser des rencontres entre joueurs d\u00e9butants et joueurs aguerris.<\/p>\n<p style=\"text-align: justify;\">Ces derniers se feront une joie de partager leurs astuces, strat\u00e9gies et subtilit\u00e9s du classique avec vous.<\/p>\n<\/div>\n<\/article>\n<\/div>\n<\/div>\n","protected":false},"excerpt":{"rendered":"<p>Des tournois de scrabble classique sont organis\u00e9s r\u00e9guli\u00e8rement en Occitanie.\u00a0Ils r\u00e9unissent de nombreux joueurs qui, dans une ambiance chaleureuse et conviviale, s&rsquo;adonnent \u00e0 leur passion. Outre les tournois, des opens d\u00e9partementaux et r\u00e9gionaux accueillent chaque ann\u00e9e des adeptes du scrabble, &hellip; <a href=\"https:\/\/classique.scrabblepaysdoc.fr\/?page_id=153\">Continuer la lecture <span class=\"meta-nav\">&rarr;<\/span><\/a><\/p>\n","protected":false},"author":3,"featured_media":0,"parent":184,"menu_order":0,"comment_status":"closed","ping_status":"closed","template":"","meta":[],"_links":{"self":[{"href":"https:\/\/classique.scrabblepaysdoc.fr\/index.php?rest_route=\/wp\/v2\/pages\/153"}],"collection":[{"href":"https:\/\/classique.scrabblepaysdoc.fr\/index.php?rest_route=\/wp\/v2\/pages"}],"about":[{"href":"https:\/\/classique.scrabblepaysdoc.fr\/index.php?rest_route=\/wp\/v2\/types\/page"}],"author":[{"embeddable":true,"href":"https:\/\/classique.scrabblepaysdoc.fr\/index.php?rest_route=\/wp\/v2\/users\/3"}],"replies":[{"embeddable":true,"href":"https:\/\/classique.scrabblepaysdoc.fr\/index.php?rest_route=%2Fwp%2Fv2%2Fcomments&post=153"}],"version-history":[{"count":6,"href":"https:\/\/classique.scrabblepaysdoc.fr\/index.php?rest_route=\/wp\/v2\/pages\/153\/revisions"}],"predecessor-version":[{"id":1228,"href":"https:\/\/classique.scrabblepaysdoc.fr\/index.php?rest_route=\/wp\/v2\/pages\/153\/revisions\/1228"}],"up":[{"embeddable":true,"href":"https:\/\/classique.scrabblepaysdoc.fr\/index.php?rest_route=\/wp\/v2\/pages\/184"}],"wp:attachment":[{"href":"https:\/\/classique.scrabblepaysdoc.fr\/index.php?rest_route=%2Fwp%2Fv2%2Fmedia&parent=153"}],"curies":[{"name":"wp","href":"https:\/\/api.w.org\/{rel}","templated":true}]}}