{"id":1356,"date":"2019-12-01T21:28:38","date_gmt":"2019-12-01T21:28:38","guid":{"rendered":"https:\/\/classique.scrabblepaysdoc.fr\/?page_id=1356"},"modified":"2020-09-06T20:02:57","modified_gmt":"2020-09-06T20:02:57","slug":"trophee-pays-doc-2019-2020","status":"publish","type":"page","link":"https:\/\/classique.scrabblepaysdoc.fr\/?page_id=1356","title":{"rendered":"Troph\u00e9e Pays d&rsquo;Oc 2019-2020"},"content":{"rendered":"<p><strong>Troph\u00e9e Scrabble classique 2019\/2020, \u00e0 partir des \u00e9preuves jou\u00e9es sur le comit\u00e9 Pays d&rsquo;Oc depuis le 1er septembre 2019.<\/strong><\/p>\n<p>Les joueurs sont compar\u00e9s par rapport \u00e0 leurs r\u00e9sultats (classement) sur l\u2019ensemble des \u00e9preuves dans le comit\u00e9.<\/p>\n<p>Le classement apr\u00e8s les premiers tournois: <span style=\"color: #000000;\"><strong>Camille Malumba<\/strong> est en t\u00eate devant <strong>Catherine Willaumez<\/strong> et <strong>Serge Delhom<\/strong><\/span>.<\/p>\n<p>L\u2019ensemble des r\u00e9sultats sont disponibles dans les fichiers ci-joints:<\/p>\n<p><a href=\"http:\/\/classique.scrabblepaysdoc.fr\/wp-content\/uploads\/2020\/09\/Troph\u00e9e-Classique-2019-2020.xls\">Troph\u00e9e Classique 2019-2020<\/a> \u2013 <strong>mise \u00e0 jour au 29\/02<\/strong><strong>\/2020<\/strong><\/p>\n<p>Version pdf : <a href=\"http:\/\/classique.scrabblepaysdoc.fr\/wp-content\/uploads\/2020\/09\/Troph\u00e9e-Classique-2019-2020.pdf\">Troph\u00e9e Classique 2019-2020<\/a><\/p>\n<p><strong>Mode de classement : \u00e0 venir<\/strong><\/p>\n","protected":false},"excerpt":{"rendered":"<p>Troph\u00e9e Scrabble classique 2019\/2020, \u00e0 partir des \u00e9preuves jou\u00e9es sur le comit\u00e9 Pays d&rsquo;Oc depuis le 1er septembre 2019. Les joueurs sont compar\u00e9s par rapport \u00e0 leurs r\u00e9sultats (classement) sur l\u2019ensemble des \u00e9preuves dans le comit\u00e9. Le classement apr\u00e8s les &hellip; <a href=\"https:\/\/classique.scrabblepaysdoc.fr\/?page_id=1356\">Continuer la lecture <span class=\"meta-nav\">&rarr;<\/span><\/a><\/p>\n","protected":false},"author":4,"featured_media":0,"parent":172,"menu_order":0,"comment_status":"closed","ping_status":"closed","template":"","meta":[],"_links":{"self":[{"href":"https:\/\/classique.scrabblepaysdoc.fr\/index.php?rest_route=\/wp\/v2\/pages\/1356"}],"collection":[{"href":"https:\/\/classique.scrabblepaysdoc.fr\/index.php?rest_route=\/wp\/v2\/pages"}],"about":[{"href":"https:\/\/classique.scrabblepaysdoc.fr\/index.php?rest_route=\/wp\/v2\/types\/page"}],"author":[{"embeddable":true,"href":"https:\/\/classique.scrabblepaysdoc.fr\/index.php?rest_route=\/wp\/v2\/users\/4"}],"replies":[{"embeddable":true,"href":"https:\/\/classique.scrabblepaysdoc.fr\/index.php?rest_route=%2Fwp%2Fv2%2Fcomments&post=1356"}],"version-history":[{"count":6,"href":"https:\/\/classique.scrabblepaysdoc.fr\/index.php?rest_route=\/wp\/v2\/pages\/1356\/revisions"}],"predecessor-version":[{"id":1373,"href":"https:\/\/classique.scrabblepaysdoc.fr\/index.php?rest_route=\/wp\/v2\/pages\/1356\/revisions\/1373"}],"up":[{"embeddable":true,"href":"https:\/\/classique.scrabblepaysdoc.fr\/index.php?rest_route=\/wp\/v2\/pages\/172"}],"wp:attachment":[{"href":"https:\/\/classique.scrabblepaysdoc.fr\/index.php?rest_route=%2Fwp%2Fv2%2Fmedia&parent=1356"}],"curies":[{"name":"wp","href":"https:\/\/api.w.org\/{rel}","templated":true}]}}