{"id":129,"date":"2014-10-14T18:11:13","date_gmt":"2014-10-14T18:11:13","guid":{"rendered":"http:\/\/cla.scrabblefisf.com\/?page_id=129"},"modified":"2019-04-22T08:51:08","modified_gmt":"2019-04-22T08:51:08","slug":"actualites","status":"publish","type":"page","link":"https:\/\/classique.scrabblepaysdoc.fr\/?page_id=129","title":{"rendered":"Actualit\u00e9s"},"content":{"rendered":"<h3><strong>Evelyne Luchetta<\/strong> brillante vainqueure et \u00e0 l&rsquo;arrach\u00e9e du tournoi classique du 9 novembre \u00e0 Toulouse Lardenne, devant 21 autres joueurs. Un petit point d&rsquo;avance pour son dernier match contre le redoutable Camille Malumba ! Une belle r\u00e9gularit\u00e9 pour la gagnante des masters (juin 2018) face au vainqueur du troph\u00e9e de la saison 2017-2018. Si vous souhaitez vous aussi participer aux joutes bien sympathiques d&rsquo;une rencontre classique, laissez-vous tenter par un prochain tournoi sur le comit\u00e9.<\/h3>\n<h3><span style=\"text-decoration: underline; font-size: 14pt; color: #000000;\"><strong>Arbas accueille son premier open d\u00e9partemental<\/strong><\/span><br \/>\n<span style=\"color: #000000;\">Dimanche 8 avril 2018, Yolande nous a tous invit\u00e9s \u00e0 Arbas pour disputer l&rsquo;open d\u00e9partemental de Haute-Garonne. Chaleureusement accueillis \u00e0 la mairie avec boissons et petits g\u00e2teaux, les 24 joueurs pr\u00e9sents ont jou\u00e9 5 rondes au cours de l\u2019apr\u00e8s-midi. Avec la pr\u00e9sence de 11 joueurs de s\u00e9rie joker, le plateau \u00e9tait relev\u00e9 mais les joies du classique font qu\u2019apr\u00e8s 3 rondes, ce sont 3 outsiders qui sont encore invaincus\u00a0: Evelyne Luchetta, Jean-Jacques Capdeville et Liliane Marty. Apr\u00e8s la quatri\u00e8me ronde, Evelyne reste la seule invaincue apr\u00e8s sa victoire contre Jean-Jacques et la d\u00e9faite de Liliane contre Pierre Nabat. Cependant, elle s\u2019incline devant ce dernier lors de l\u2019ultime ronde, et cinq joueurs finissent donc le tournoi en t\u00eate avec une seule d\u00e9faite. Au petit jeu de la diff\u00e9rence de points, c\u2019est Pierre qui remporte le titre d\u00e9partemental devant Liliane et Camille Malumba. Yolande a d\u00e9j\u00e0 renouvel\u00e9 son invitation pour l\u2019ann\u00e9e prochaine, avec probablement un tournoi sur une journ\u00e9e enti\u00e8re pour pouvoir partager un d\u00e9jeuner ensemble au milieu.<\/span><\/h3>\n<div><span style=\"text-decoration: underline; font-size: 14pt; color: #000000;\"><strong><span style=\"font-family: arial, helvetica, sans-serif;\">Finale r\u00e9gionale 2018 : Camille vainqueur !<\/span><\/strong><\/span><\/div>\n<div><span style=\"font-size: 12pt; color: #000000;\">Ce dimanche 21 janvier 2018, 16 joueurs se sont retrouv\u00e9s \u00e0 Tournefeuille pour jouer l&rsquo;open r\u00e9gional en 8 rondes. Camille Malumba devient le nouveau champion r\u00e9gional classique, en l&#8217;emportant devant Pierre Salvati et Pierre Nabat. Pierrette Viadieu gagne la s\u00e9rie A, et Guy Barbaray la s\u00e9rie B.<\/span><\/div>\n<p><span style=\"text-decoration: underline; font-size: 14pt; font-family: arial,helvetica,sans-serif; color: #000000;\"><strong>Une semaine de classique en Midi-Py !<\/strong><\/span><br \/>\n<span style=\"color: #000000;\"> Pendant six jours, les amateurs de classique de tous horizons se sont retrouv\u00e9s autour de Toulouse pour disputer cinq tournois diff\u00e9rents dont le championnat de France ! Retrouvez <a href=\"http:\/\/com.scrabblefisf.com\/?p=543\">ici le compte rendu de cette belle semaine<\/a> !<br \/>\n<\/span><\/p>\n<p><span style=\"text-decoration: underline; font-size: 14pt; font-family: arial,helvetica,sans-serif; color: #000000;\"><strong>Pierrette Viadieu remporte son premier tournoi classique<\/strong><\/span><br \/>\n<span style=\"color: #000000;\"> Ce vendredi 11 mars 2016, 18 joueurs ont disput\u00e9 le tournoi classique de Lardenne, qui a vu la premi\u00e8re victoire de <strong>Pierrette Viadieu<\/strong> ! La joueuse de Blagnac, s\u00e9rie B au d\u00e9but du tournoi, a encha\u00een\u00e9 5 victoires cons\u00e9cutives dont les trois derni\u00e8res contre des joueurs joker (Jean-Pierre Cheirezy, Alain Luchetta et Monique Dulondel) ! Cela r\u00e9compense la pers\u00e9v\u00e9rance d&rsquo;une joueuse parmi les plus assidues aux tournois classique. Elle passe ainsi en s\u00e9rie A, et nul doute qu&rsquo;elle continuera \u00e0 progresser au classement dans les prochaines semaines.<br \/>\n<\/span><\/p>\n<p><span style=\"text-decoration: underline; font-size: 14pt; font-family: arial,helvetica,sans-serif; color: #000000;\"><strong>Finale r\u00e9gionale<\/strong><\/span><br \/>\n<span style=\"color: #000000;\"> En ce dimanche 10 janvier, 21 joueurs ont disput\u00e9 la finale r\u00e9gionale classique en 8 rondes. D\u00e8s la deuxi\u00e8me ronde, Pierrette Viadieu fait tomber le r\u00e9cent champion d\u00e9partemental Pierre Nabat. Apr\u00e8s la cinqui\u00e8me ronde, Guillaume Clavi\u00e8re et Pierre Salvati sont les deux seuls invaincus, apr\u00e8s leur victoire respective contre Serge Delhom et Camille Malumba. Deux matches plus tard, <strong>Guillaume Clavi\u00e8re<\/strong>, seul invaincu, apr\u00e8s deux nouvelles victoires contre Pierre S. et Camille, est d\u00e9j\u00e0 assur\u00e9 de la victoire avant m\u00eame la derni\u00e8re ronde, qui permet \u00e0 <strong>Serge<\/strong> et <strong>Brigitte Delhom<\/strong> de l&rsquo;accompagner sur le podium. Les s\u00e9ries A, B et C sont remport\u00e9es respectivement par Catherine Willaumez, Yolande Meyer et Charlette Vitse.<\/span><\/p>\n<p><span style=\"text-decoration: underline; font-size: 14pt; font-family: arial,helvetica,sans-serif;\"><strong>D\u00e9cembre 2015<\/strong><\/span><br \/>\n<span style=\"color: #000000;\">Pour ce dernier mois de l&rsquo;ann\u00e9e 2015, quatre tournois de scrabble classique \u00e9taient au programme. A Saint-Sulpice, c&rsquo;est <strong>Serge Delhom<\/strong> qui s&rsquo;impose devant Camille Malumba et Alain Luchetta. A Lardenne, victoire de <strong>Camille Malumba<\/strong> devant Guillaume Clavi\u00e8re et Serge Delhom. Enfin, l&rsquo;ann\u00e9e s&rsquo;est termin\u00e9e par une tr\u00e8s belle f\u00eate \u00e0 Tournefeuille avec 41 joueurs pr\u00e9sents pour disputer deux tournois. Celui r\u00e9serv\u00e9 aux s\u00e9ries C est remport\u00e9 par <strong>Nadine Coudray<\/strong>, devant Claudine Prat et Agn\u00e8s Barathieu, tandis que le tournoi principal est gagn\u00e9 par <strong>Guillaume Clavi\u00e8re<\/strong> devant Monique Dulondel et Brigitte Delhom. Guillaume en profite pour prendre la deuxi\u00e8me place du classement international !<\/span><\/p>\n<p><span style=\"text-decoration: underline; font-size: 14pt; font-family: arial,helvetica,sans-serif;\"><strong>11 novembre 2015 &#8211; Open Haute-Garonne<\/strong><\/span><br \/>\n<strong>Pierre Nabat<\/strong> d\u00e9croche le titre de champion Haute-Garonne !!! Imp\u00e9rial tout au long de la journ\u00e9e, il a remport\u00e9 ses 8 matchs. Derri\u00e8re Pierre, 7 joueurs finissent avec 6 victoires et 2 d\u00e9faites et se d\u00e9partagent au goal-average. <strong>Jean-Pierre Cheirezy<\/strong> finit 2\u00e8me et <strong>Pierre Salvati<\/strong> compl\u00e8te le podium. Il valait mieux s&rsquo;appeler Pierre ce jour-l\u00e0 !!!<br \/>\nPour les s\u00e9ries, <strong>Claudine Flaceli\u00e8re<\/strong> remporte la s\u00e9rie A,<strong> Catherine Willaumez<\/strong> la s\u00e9rie B et <strong>Matt\u00e9o Ifano<\/strong> la s\u00e9rie C.<\/p>\n<p><span style=\"text-decoration: underline; font-size: 14pt;\"><strong>07 novembre 2015 &#8211; Nouvelle saison<\/strong><\/span><br \/>\nCa y est, nous voil\u00e0 repartis pour une nouvelle saison. D\u00e9j\u00e0 quatre tournois et 3 vainqueurs.<\/p>\n<ul>\n<li><span style=\"text-decoration: underline;\"><strong>Blagnac le 30\/09<\/strong><\/span> : <strong>Camille Malumba<\/strong> s&rsquo;impose pour son retour en Midi-Pyr\u00e9n\u00e9es. <strong>Daniel Gaston<\/strong> et<strong> Jean-Pierre Cheirezy<\/strong> compl\u00e8te le podium. <strong>Yves Cayrou<\/strong> finit 1er A, <strong>Guy Barbaray<\/strong> 1er B et acc\u00e8de \u00e0 la s\u00e9rie A, Charlette Vitse finit 1\u00e8re C.<\/li>\n<li><span style=\"text-decoration: underline;\"><strong>Tournefeuille le 16\/10\u00a0<\/strong><\/span>: <strong>Serge Delhom<\/strong> vainqueur du troph\u00e9e Midi-Pyr\u00e9n\u00e9es 2014-2015 remporte son premier tournoi devant <strong>Marie Bethoule<\/strong> et <strong>Chantal Lin-Kwan<\/strong> qui remporte la s\u00e9rie B. <strong>Claudine Flaceli\u00e8re<\/strong> finit 1\u00e8re s\u00e9rie A et <strong>Charlette Vitse<\/strong> 1\u00e8re s\u00e9rie C.<\/li>\n<li><span style=\"text-decoration: underline;\"><strong>Saint-Sulpice\u00a0le 18\/10<\/strong><\/span> : une bien belle rencontre de classique pour ce 1er tournoi de Saint-Sulpice dont nous retiendrons les excellents petits plats concoct\u00e9s par les membres du club. Pour l&rsquo;aspect comp\u00e9tition, <strong>Guillaume Clavi\u00e8re<\/strong> remporte le tournoi devant <strong>Pierre Salvati<\/strong> et <strong>Brigitte Delhom<\/strong>. <strong>Jean-Jacques Capdeville<\/strong> remporte la s\u00e9rie A, <strong>Fernande Mourrut<\/strong> la s\u00e9rie B et <strong>Philippe Pailloncy<\/strong> la s\u00e9rie C<\/li>\n<li><span style=\"text-decoration: underline;\"><strong>Tournefeuille le 07\/11<\/strong> <\/span>: <strong>Guillaume Clavi\u00e8re<\/strong> remporte son deuxi\u00e8me tournoi cons\u00e9cutif devant <strong>Monique Dulondel<\/strong> et <strong>Brigitte Delhom<\/strong>. <strong>Jean-Jacques Capdeville<\/strong> finit 1er s\u00e9rie A, <strong>Val\u00e9rie Th\u00e9venin<\/strong> finit 1\u00e8re s\u00e9rie B, et <strong>Matt\u00e9o Ifano<\/strong> remporte la s\u00e9rie C pour son premier tournoi en classique !!!<\/li>\n<\/ul>\n<p><a href=\"http:\/\/com.scrabblefisf.com\/wp-content\/uploads\/2014\/10\/Infos-Scrabble-Midi-Py-111114.pdf\">Radioscopie du scrabble classique : un leurre ou une r\u00e9alit\u00e9 en Midi-Pyr\u00e9n\u00e9es !<\/a><\/p>\n<p><a href=\"http:\/\/scrabble-midipy.org\/index.php\/actualites\/252-dernieres-news\/684-une-belle-soiree-classique-a-tournefeuille.html\">Une belle soir\u00e9e classique \u00e0 Tournefeuille<\/a><\/p>\n<p><a href=\"http:\/\/scrabble-midipy.org\/index.php\/actualites\/252-dernieres-news\/683-serge-delhom-champion-classique-de-haute-garonne.html\">Serge Delhom, champion classique de Haute-Garonne<\/a><\/p>\n<p><a href=\"http:\/\/scrabble-midipy.org\/index.php\/actualites\/252-dernieres-news\/682-daniel-gaston-triomphe-a-lardenne.html\">Daniel Gaston triomphe \u00e0 Lardenne<\/a><\/p>\n<p><a href=\"http:\/\/scrabble-midipy.org\/index.php\/actualites\/252-dernieres-news\/677-de-la-nouveaute-en-classique.html\">De la nouveaut\u00e9 dans le classique<\/a><\/p>\n","protected":false},"excerpt":{"rendered":"<p>Evelyne Luchetta brillante vainqueure et \u00e0 l&rsquo;arrach\u00e9e du tournoi classique du 9 novembre \u00e0 Toulouse Lardenne, devant 21 autres joueurs. Un petit point d&rsquo;avance pour son dernier match contre le redoutable Camille Malumba ! Une belle r\u00e9gularit\u00e9 pour la gagnante &hellip; <a href=\"https:\/\/classique.scrabblepaysdoc.fr\/?page_id=129\">Continuer la lecture <span class=\"meta-nav\">&rarr;<\/span><\/a><\/p>\n","protected":false},"author":21,"featured_media":0,"parent":0,"menu_order":2,"comment_status":"closed","ping_status":"closed","template":"onecolumn-page.php","meta":[],"_links":{"self":[{"href":"https:\/\/classique.scrabblepaysdoc.fr\/index.php?rest_route=\/wp\/v2\/pages\/129"}],"collection":[{"href":"https:\/\/classique.scrabblepaysdoc.fr\/index.php?rest_route=\/wp\/v2\/pages"}],"about":[{"href":"https:\/\/classique.scrabblepaysdoc.fr\/index.php?rest_route=\/wp\/v2\/types\/page"}],"author":[{"embeddable":true,"href":"https:\/\/classique.scrabblepaysdoc.fr\/index.php?rest_route=\/wp\/v2\/users\/21"}],"replies":[{"embeddable":true,"href":"https:\/\/classique.scrabblepaysdoc.fr\/index.php?rest_route=%2Fwp%2Fv2%2Fcomments&post=129"}],"version-history":[{"count":41,"href":"https:\/\/classique.scrabblepaysdoc.fr\/index.php?rest_route=\/wp\/v2\/pages\/129\/revisions"}],"predecessor-version":[{"id":1335,"href":"https:\/\/classique.scrabblepaysdoc.fr\/index.php?rest_route=\/wp\/v2\/pages\/129\/revisions\/1335"}],"wp:attachment":[{"href":"https:\/\/classique.scrabblepaysdoc.fr\/index.php?rest_route=%2Fwp%2Fv2%2Fmedia&parent=129"}],"curies":[{"name":"wp","href":"https:\/\/api.w.org\/{rel}","templated":true}]}}