{"id":1204,"date":"2017-10-08T13:14:36","date_gmt":"2017-10-08T13:14:36","guid":{"rendered":"https:\/\/classique.scrabblepaysdoc.fr\/?page_id=1204"},"modified":"2018-12-26T08:44:50","modified_gmt":"2018-12-26T08:44:50","slug":"trophee-pays-doc-2017-2018","status":"publish","type":"page","link":"https:\/\/classique.scrabblepaysdoc.fr\/?page_id=1204","title":{"rendered":"Troph\u00e9e Pays d&rsquo;Oc 2017-2018"},"content":{"rendered":"<p><strong>Troph\u00e9e Scrabble classique 2017\/2018, \u00e0 partir des \u00e9preuves jou\u00e9es sur le comit\u00e9 Pays d&rsquo;Oc\u00a0depuis le 1er septembre 2016.<\/strong><\/p>\n<p>Les joueurs sont compar\u00e9s par rapport \u00e0 leurs r\u00e9sultats (classement) sur l\u2019ensemble des \u00e9preuves dans le comit\u00e9.<\/p>\n<p>Le classement apr\u00e8s les premiers tournois:\u00a0 \u00a0Camille MALUMBA domine\u00a0le classement devant Monique DULONDEL et Pierre SALVATI.<\/p>\n<p>L\u2019ensemble des r\u00e9sultats sont disponibles dans le fichier ci-joint:<\/p>\n<p><a href=\"http:\/\/classique.scrabblepaysdoc.fr\/wp-content\/uploads\/2017\/10\/Troph\u00e9e-Classique-2017-2018-5.xlsx\">Troph\u00e9e Classique 2017-2018<\/a>\u00a0\u2013\u00a0<strong>mise \u00e0 jour au 20\/08<\/strong><strong>\/2018<\/strong><\/p>\n<p>Version pdf :\u00a0<a href=\"http:\/\/classique.scrabblepaysdoc.fr\/wp-content\/uploads\/2017\/10\/Troph\u00e9e-Classique-2017-2018-5.pdf\">Troph\u00e9e Classique 2017-2018<\/a><\/p>\n<p><strong>Mode de classement : \u00e0 venir<\/strong><\/p>\n","protected":false},"excerpt":{"rendered":"<p>Troph\u00e9e Scrabble classique 2017\/2018, \u00e0 partir des \u00e9preuves jou\u00e9es sur le comit\u00e9 Pays d&rsquo;Oc\u00a0depuis le 1er septembre 2016. Les joueurs sont compar\u00e9s par rapport \u00e0 leurs r\u00e9sultats (classement) sur l\u2019ensemble des \u00e9preuves dans le comit\u00e9. Le classement apr\u00e8s les premiers &hellip; <a href=\"https:\/\/classique.scrabblepaysdoc.fr\/?page_id=1204\">Continuer la lecture <span class=\"meta-nav\">&rarr;<\/span><\/a><\/p>\n","protected":false},"author":4,"featured_media":0,"parent":172,"menu_order":5,"comment_status":"closed","ping_status":"closed","template":"","meta":[],"_links":{"self":[{"href":"https:\/\/classique.scrabblepaysdoc.fr\/index.php?rest_route=\/wp\/v2\/pages\/1204"}],"collection":[{"href":"https:\/\/classique.scrabblepaysdoc.fr\/index.php?rest_route=\/wp\/v2\/pages"}],"about":[{"href":"https:\/\/classique.scrabblepaysdoc.fr\/index.php?rest_route=\/wp\/v2\/types\/page"}],"author":[{"embeddable":true,"href":"https:\/\/classique.scrabblepaysdoc.fr\/index.php?rest_route=\/wp\/v2\/users\/4"}],"replies":[{"embeddable":true,"href":"https:\/\/classique.scrabblepaysdoc.fr\/index.php?rest_route=%2Fwp%2Fv2%2Fcomments&post=1204"}],"version-history":[{"count":10,"href":"https:\/\/classique.scrabblepaysdoc.fr\/index.php?rest_route=\/wp\/v2\/pages\/1204\/revisions"}],"predecessor-version":[{"id":1324,"href":"https:\/\/classique.scrabblepaysdoc.fr\/index.php?rest_route=\/wp\/v2\/pages\/1204\/revisions\/1324"}],"up":[{"embeddable":true,"href":"https:\/\/classique.scrabblepaysdoc.fr\/index.php?rest_route=\/wp\/v2\/pages\/172"}],"wp:attachment":[{"href":"https:\/\/classique.scrabblepaysdoc.fr\/index.php?rest_route=%2Fwp%2Fv2%2Fmedia&parent=1204"}],"curies":[{"name":"wp","href":"https:\/\/api.w.org\/{rel}","templated":true}]}}