{"id":1117,"date":"2016-11-20T13:42:59","date_gmt":"2016-11-20T13:42:59","guid":{"rendered":"https:\/\/classique.scrabblepaysdoc.fr\/?page_id=1117"},"modified":"2017-10-08T13:55:30","modified_gmt":"2017-10-08T13:55:30","slug":"trophee-pays-doc-2016-2017","status":"publish","type":"page","link":"https:\/\/classique.scrabblepaysdoc.fr\/?page_id=1117","title":{"rendered":"Troph\u00e9e Pays d&rsquo;Oc 2016-2017"},"content":{"rendered":"<p><strong>Troph\u00e9e Scrabble classique 2016\/2017, \u00e0 partir des \u00e9preuves jou\u00e9es sur le comit\u00e9 Pays d&rsquo;Oc\u00a0depuis le 1er septembre 2015.<\/strong><\/p>\n<p>Les joueurs sont compar\u00e9s par rapport \u00e0 leurs r\u00e9sultats (classement) sur l\u2019ensemble des \u00e9preuves dans le comit\u00e9.<\/p>\n<p>Le classement final de cette saison:\u00a0 Serge DELHOM remporte\u00a0le classement devant \u00a0Monique DULONDEL et\u00a0Claudine FLACELIERE.<\/p>\n<p>L\u2019ensemble des r\u00e9sultats sont disponibles dans le fichier ci-joint:<\/p>\n<p><a href=\"http:\/\/classique.scrabblepaysdoc.fr\/wp-content\/uploads\/2016\/11\/Troph\u00e9e-Classique-2017-2018.xlsx\">Troph\u00e9e Classique 2017-2018<\/a>\u00a0\u2013\u00a0<strong>mise \u00e0 jour au 25\/09\/2017<\/strong><\/p>\n<p>Version pdf :\u00a0<a href=\"http:\/\/classique.scrabblepaysdoc.fr\/wp-content\/uploads\/2016\/11\/Troph\u00e9e-Classique-2017-2018_v2.pdf\">Troph\u00e9e Classique 2017-2018<\/a><\/p>\n<p><strong>Mode de classement : \u00e0 venir<\/strong><\/p>\n","protected":false},"excerpt":{"rendered":"<p>Troph\u00e9e Scrabble classique 2016\/2017, \u00e0 partir des \u00e9preuves jou\u00e9es sur le comit\u00e9 Pays d&rsquo;Oc\u00a0depuis le 1er septembre 2015. Les joueurs sont compar\u00e9s par rapport \u00e0 leurs r\u00e9sultats (classement) sur l\u2019ensemble des \u00e9preuves dans le comit\u00e9. Le classement final de cette &hellip; <a href=\"https:\/\/classique.scrabblepaysdoc.fr\/?page_id=1117\">Continuer la lecture <span class=\"meta-nav\">&rarr;<\/span><\/a><\/p>\n","protected":false},"author":4,"featured_media":0,"parent":172,"menu_order":4,"comment_status":"closed","ping_status":"closed","template":"","meta":[],"_links":{"self":[{"href":"https:\/\/classique.scrabblepaysdoc.fr\/index.php?rest_route=\/wp\/v2\/pages\/1117"}],"collection":[{"href":"https:\/\/classique.scrabblepaysdoc.fr\/index.php?rest_route=\/wp\/v2\/pages"}],"about":[{"href":"https:\/\/classique.scrabblepaysdoc.fr\/index.php?rest_route=\/wp\/v2\/types\/page"}],"author":[{"embeddable":true,"href":"https:\/\/classique.scrabblepaysdoc.fr\/index.php?rest_route=\/wp\/v2\/users\/4"}],"replies":[{"embeddable":true,"href":"https:\/\/classique.scrabblepaysdoc.fr\/index.php?rest_route=%2Fwp%2Fv2%2Fcomments&post=1117"}],"version-history":[{"count":18,"href":"https:\/\/classique.scrabblepaysdoc.fr\/index.php?rest_route=\/wp\/v2\/pages\/1117\/revisions"}],"predecessor-version":[{"id":1209,"href":"https:\/\/classique.scrabblepaysdoc.fr\/index.php?rest_route=\/wp\/v2\/pages\/1117\/revisions\/1209"}],"up":[{"embeddable":true,"href":"https:\/\/classique.scrabblepaysdoc.fr\/index.php?rest_route=\/wp\/v2\/pages\/172"}],"wp:attachment":[{"href":"https:\/\/classique.scrabblepaysdoc.fr\/index.php?rest_route=%2Fwp%2Fv2%2Fmedia&parent=1117"}],"curies":[{"name":"wp","href":"https:\/\/api.w.org\/{rel}","templated":true}]}}